{"id":16,"date":"2018-08-29T15:34:37","date_gmt":"2018-08-29T18:34:37","guid":{"rendered":"http:\/\/silviaostrovsky.com.ar\/?page_id=16"},"modified":"2018-09-01T17:33:40","modified_gmt":"2018-09-01T20:33:40","slug":"realidades-en-gestacion-o-vision-del-tercer-milenio","status":"publish","type":"page","link":"https:\/\/silviaostrovsky.com.ar\/index.php\/realidades-en-gestacion-o-vision-del-tercer-milenio\/","title":{"rendered":"Realidades en gestaci\u00f3n o Visi\u00f3n del Tercer Milenio."},"content":{"rendered":"<p>Dijo Ferm\u00edn Fevre, acerca de las obras que componen esta serie: \u201c\u2026El sentido de la gestaci\u00f3n del mundo alcanza a todos los organismos vivos del mundo de la naturaleza; hombres, animales y plantas. En estas pinturas hay como una simbiosis de esos procesos, sin jerarqu\u00edas de ninguna \u00edndole. De tal modo, la artista registra una nueva actitud del hombre frente a la naturaleza. Ya no est\u00e1 situado ante ella desde una posici\u00f3n de dominio, coloc\u00e1ndola a su servicio, ni someti\u00e9ndola a sus arbitrios.<\/p>\n<p>En las pinturas de esta artista hay, as\u00ed, una visi\u00f3n premonitoria del Tercer Milenio, signada por una nueva creaci\u00f3n&nbsp; humana frente a la naturaleza. Las im\u00e1genes en ciernes registran esa transformaci\u00f3n intu\u00edda por la artista, que logra darles realidad en su pintura. Buenos Aires, Noviembre\/1999\u201d<\/p>\nngg_shortcode_0_placeholder\n","protected":false},"excerpt":{"rendered":"<p>Dijo Ferm\u00edn Fevre, acerca de las obras que componen esta serie: \u201c\u2026El sentido de la gestaci\u00f3n del mundo alcanza a todos los organismos vivos del mundo de la naturaleza; hombres, animales y plantas. En estas pinturas hay como una simbiosis de esos procesos, sin jerarqu\u00edas de ninguna \u00edndole. De tal modo, la artista registra una<\/p>\n<p class=\"more-link-wrapper\"><a href=\"https:\/\/silviaostrovsky.com.ar\/index.php\/realidades-en-gestacion-o-vision-del-tercer-milenio\/\" class=\"more-link\">Continue Reading<span class=\"screen-reader-text\"> &#8220;Realidades en gestaci\u00f3n o Visi\u00f3n del Tercer Milenio.&#8221;<\/span><\/a><\/p>\n","protected":false},"author":1,"featured_media":0,"parent":0,"menu_order":0,"comment_status":"closed","ping_status":"closed","template":"","meta":{"ngg_post_thumbnail":0,"footnotes":""},"class_list":["post-16","page","type-page","status-publish","hentry"],"_links":{"self":[{"href":"https:\/\/silviaostrovsky.com.ar\/index.php\/wp-json\/wp\/v2\/pages\/16","targetHints":{"allow":["GET"]}}],"collection":[{"href":"https:\/\/silviaostrovsky.com.ar\/index.php\/wp-json\/wp\/v2\/pages"}],"about":[{"href":"https:\/\/silviaostrovsky.com.ar\/index.php\/wp-json\/wp\/v2\/types\/page"}],"author":[{"embeddable":true,"href":"https:\/\/silviaostrovsky.com.ar\/index.php\/wp-json\/wp\/v2\/users\/1"}],"replies":[{"embeddable":true,"href":"https:\/\/silviaostrovsky.com.ar\/index.php\/wp-json\/wp\/v2\/comments?post=16"}],"version-history":[{"count":24,"href":"https:\/\/silviaostrovsky.com.ar\/index.php\/wp-json\/wp\/v2\/pages\/16\/revisions"}],"predecessor-version":[{"id":399,"href":"https:\/\/silviaostrovsky.com.ar\/index.php\/wp-json\/wp\/v2\/pages\/16\/revisions\/399"}],"wp:attachment":[{"href":"https:\/\/silviaostrovsky.com.ar\/index.php\/wp-json\/wp\/v2\/media?parent=16"}],"curies":[{"name":"wp","href":"https:\/\/api.w.org\/{rel}","templated":true}]}}