{"id":20,"date":"2018-08-29T15:35:25","date_gmt":"2018-08-29T15:35:25","guid":{"rendered":"http:\/\/silviaostrovsky.com.ar\/?page_id=20"},"modified":"2018-09-03T15:14:36","modified_gmt":"2018-09-03T18:14:36","slug":"a-traves-de-la-linea","status":"publish","type":"page","link":"https:\/\/silviaostrovsky.com.ar\/index.php\/a-traves-de-la-linea\/","title":{"rendered":"A trav\u00e9s de la l\u00ednea"},"content":{"rendered":"<p>Otorgar el color a trav\u00e9s de la l\u00ednea es el desaf\u00edo que me propuse en esta serie. La L\u00ednea une y separa, juega y recorre, dejando en la superficie de la tela diferentes figuras.<\/p>\n<p>Aquellas l\u00edneas que delimitan estas figuras o atraviesan la superficie de la tela, hacen que las mismas cambien sus colores y tonalidades en un ir y venir de diversas formas que se acomodan al entretejido propuesto.<\/p>\nngg_shortcode_0_placeholder\n","protected":false},"excerpt":{"rendered":"<p>Otorgar el color a trav\u00e9s de la l\u00ednea es el desaf\u00edo que me propuse en esta serie. La L\u00ednea une y separa, juega y recorre, dejando en la superficie de la tela diferentes figuras. Aquellas l\u00edneas que delimitan estas figuras o atraviesan la superficie de la tela, hacen que las mismas cambien sus colores y<\/p>\n<p class=\"more-link-wrapper\"><a href=\"https:\/\/silviaostrovsky.com.ar\/index.php\/a-traves-de-la-linea\/\" class=\"more-link\">Continue Reading<span class=\"screen-reader-text\"> &#8220;A trav\u00e9s de la l\u00ednea&#8221;<\/span><\/a><\/p>\n","protected":false},"author":1,"featured_media":0,"parent":0,"menu_order":0,"comment_status":"closed","ping_status":"closed","template":"","meta":{"ngg_post_thumbnail":0,"footnotes":""},"class_list":["post-20","page","type-page","status-publish","hentry"],"_links":{"self":[{"href":"https:\/\/silviaostrovsky.com.ar\/index.php\/wp-json\/wp\/v2\/pages\/20","targetHints":{"allow":["GET"]}}],"collection":[{"href":"https:\/\/silviaostrovsky.com.ar\/index.php\/wp-json\/wp\/v2\/pages"}],"about":[{"href":"https:\/\/silviaostrovsky.com.ar\/index.php\/wp-json\/wp\/v2\/types\/page"}],"author":[{"embeddable":true,"href":"https:\/\/silviaostrovsky.com.ar\/index.php\/wp-json\/wp\/v2\/users\/1"}],"replies":[{"embeddable":true,"href":"https:\/\/silviaostrovsky.com.ar\/index.php\/wp-json\/wp\/v2\/comments?post=20"}],"version-history":[{"count":7,"href":"https:\/\/silviaostrovsky.com.ar\/index.php\/wp-json\/wp\/v2\/pages\/20\/revisions"}],"predecessor-version":[{"id":415,"href":"https:\/\/silviaostrovsky.com.ar\/index.php\/wp-json\/wp\/v2\/pages\/20\/revisions\/415"}],"wp:attachment":[{"href":"https:\/\/silviaostrovsky.com.ar\/index.php\/wp-json\/wp\/v2\/media?parent=20"}],"curies":[{"name":"wp","href":"https:\/\/api.w.org\/{rel}","templated":true}]}}