{"id":22,"date":"2018-08-29T15:35:39","date_gmt":"2018-08-29T15:35:39","guid":{"rendered":"http:\/\/silviaostrovsky.com.ar\/?page_id=22"},"modified":"2018-09-03T15:27:09","modified_gmt":"2018-09-03T18:27:09","slug":"luces-de-la-bahia","status":"publish","type":"page","link":"https:\/\/silviaostrovsky.com.ar\/index.php\/luces-de-la-bahia\/","title":{"rendered":"Luces de la bah\u00eda"},"content":{"rendered":"<p>Siempre me sent\u00ed atra\u00edda por el brillo de las luces que se reflejan en los lagos o mares,. Esas luces que aparecen perdidas entre monta\u00f1as o se asoman desde los peque\u00f1os caser\u00edos o grandes ciudades.<br \/>\nPlasmar esas visiones sobre telas, es un proyecto con el que sigo trabajando porque me resulta de lo m\u00e1s encantador.<\/p>\nngg_shortcode_0_placeholder\n","protected":false},"excerpt":{"rendered":"<p>Siempre me sent\u00ed atra\u00edda por el brillo de las luces que se reflejan en los lagos o mares,. Esas luces que aparecen perdidas entre monta\u00f1as o se asoman desde los peque\u00f1os caser\u00edos o grandes ciudades. Plasmar esas visiones sobre telas, es un proyecto con el que sigo trabajando porque me resulta de lo m\u00e1s encantador.<\/p>\n","protected":false},"author":1,"featured_media":0,"parent":0,"menu_order":0,"comment_status":"closed","ping_status":"closed","template":"","meta":{"ngg_post_thumbnail":0,"footnotes":""},"class_list":["post-22","page","type-page","status-publish","hentry"],"_links":{"self":[{"href":"https:\/\/silviaostrovsky.com.ar\/index.php\/wp-json\/wp\/v2\/pages\/22","targetHints":{"allow":["GET"]}}],"collection":[{"href":"https:\/\/silviaostrovsky.com.ar\/index.php\/wp-json\/wp\/v2\/pages"}],"about":[{"href":"https:\/\/silviaostrovsky.com.ar\/index.php\/wp-json\/wp\/v2\/types\/page"}],"author":[{"embeddable":true,"href":"https:\/\/silviaostrovsky.com.ar\/index.php\/wp-json\/wp\/v2\/users\/1"}],"replies":[{"embeddable":true,"href":"https:\/\/silviaostrovsky.com.ar\/index.php\/wp-json\/wp\/v2\/comments?post=22"}],"version-history":[{"count":3,"href":"https:\/\/silviaostrovsky.com.ar\/index.php\/wp-json\/wp\/v2\/pages\/22\/revisions"}],"predecessor-version":[{"id":419,"href":"https:\/\/silviaostrovsky.com.ar\/index.php\/wp-json\/wp\/v2\/pages\/22\/revisions\/419"}],"wp:attachment":[{"href":"https:\/\/silviaostrovsky.com.ar\/index.php\/wp-json\/wp\/v2\/media?parent=22"}],"curies":[{"name":"wp","href":"https:\/\/api.w.org\/{rel}","templated":true}]}}