{"id":28,"date":"2018-08-29T15:36:22","date_gmt":"2018-08-29T15:36:22","guid":{"rendered":"http:\/\/silviaostrovsky.com.ar\/?page_id=28"},"modified":"2018-08-31T16:17:59","modified_gmt":"2018-08-31T19:17:59","slug":"raices","status":"publish","type":"page","link":"https:\/\/silviaostrovsky.com.ar\/index.php\/raices\/","title":{"rendered":"Ra\u00edces"},"content":{"rendered":"<p>En esta serie quise exteriorizar todo aquello que nos liga a la naturaleza, y quiz\u00e1s tambi\u00e9n y a modo de ejemplo, lo que ella nos da, las &#8220;ra\u00edces&#8221; aferradas a la tierra como defensa de una identidad preservada en estos tiempos.<\/p>\nngg_shortcode_0_placeholder\n","protected":false},"excerpt":{"rendered":"<p>En esta serie quise exteriorizar todo aquello que nos liga a la naturaleza, y quiz\u00e1s tambi\u00e9n y a modo de ejemplo, lo que ella nos da, las &#8220;ra\u00edces&#8221; aferradas a la tierra como defensa de una identidad preservada en estos tiempos.<\/p>\n","protected":false},"author":1,"featured_media":0,"parent":0,"menu_order":0,"comment_status":"closed","ping_status":"closed","template":"","meta":{"ngg_post_thumbnail":0,"footnotes":""},"class_list":["post-28","page","type-page","status-publish","hentry"],"_links":{"self":[{"href":"https:\/\/silviaostrovsky.com.ar\/index.php\/wp-json\/wp\/v2\/pages\/28","targetHints":{"allow":["GET"]}}],"collection":[{"href":"https:\/\/silviaostrovsky.com.ar\/index.php\/wp-json\/wp\/v2\/pages"}],"about":[{"href":"https:\/\/silviaostrovsky.com.ar\/index.php\/wp-json\/wp\/v2\/types\/page"}],"author":[{"embeddable":true,"href":"https:\/\/silviaostrovsky.com.ar\/index.php\/wp-json\/wp\/v2\/users\/1"}],"replies":[{"embeddable":true,"href":"https:\/\/silviaostrovsky.com.ar\/index.php\/wp-json\/wp\/v2\/comments?post=28"}],"version-history":[{"count":5,"href":"https:\/\/silviaostrovsky.com.ar\/index.php\/wp-json\/wp\/v2\/pages\/28\/revisions"}],"predecessor-version":[{"id":292,"href":"https:\/\/silviaostrovsky.com.ar\/index.php\/wp-json\/wp\/v2\/pages\/28\/revisions\/292"}],"wp:attachment":[{"href":"https:\/\/silviaostrovsky.com.ar\/index.php\/wp-json\/wp\/v2\/media?parent=28"}],"curies":[{"name":"wp","href":"https:\/\/api.w.org\/{rel}","templated":true}]}}