{"id":7,"date":"2018-08-29T15:24:07","date_gmt":"2018-08-29T15:24:07","guid":{"rendered":"http:\/\/silviaostrovsky.com.ar\/?page_id=7"},"modified":"2018-08-30T20:01:25","modified_gmt":"2018-08-30T23:01:25","slug":"sobre-silvia","status":"publish","type":"page","link":"https:\/\/silviaostrovsky.com.ar\/index.php\/sobre-silvia\/","title":{"rendered":"Sobre Silvia"},"content":{"rendered":"\t\t<div data-elementor-type=\"wp-post\" data-elementor-id=\"7\" class=\"elementor elementor-7 elementor-bc-flex-widget\">\n\t\t\t\t\t\t<section class=\"elementor-section elementor-top-section elementor-element elementor-element-ed7cff6 elementor-section-boxed elementor-section-height-default elementor-section-height-default\" data-id=\"ed7cff6\" data-element_type=\"section\" data-e-type=\"section\">\n\t\t\t\t\t\t<div class=\"elementor-container elementor-column-gap-default\">\n\t\t\t\t\t<div class=\"elementor-column elementor-col-100 elementor-top-column elementor-element elementor-element-1cc9cd90\" data-id=\"1cc9cd90\" data-element_type=\"column\" data-e-type=\"column\">\n\t\t\t<div class=\"elementor-widget-wrap elementor-element-populated\">\n\t\t\t\t\t\t<div class=\"elementor-element elementor-element-10375e60 elementor-widget elementor-widget-text-editor\" data-id=\"10375e60\" data-element_type=\"widget\" data-e-type=\"widget\" data-widget_type=\"text-editor.default\">\n\t\t\t\t<div class=\"elementor-widget-container\">\n\t\t\t\t\t\t\t\t\t<p>Las horas que destino a pintar y dibujar son para m\u00ed, horas de fascinaci\u00f3n. Quedo inmersa en mi propio mundo, en el cual solo nos encontramos la tela blanca o el papel, y yo. Esa tela que me seduce y me invita a la creaci\u00f3n, al momento de pintar, o el papel en el cual quedar\u00e1 trazada la l\u00ednea que dar\u00e1 vida a una nueva imagen.<\/p><p><br \/>Mis obras suelen emocionarme intensamente, porque a trav\u00e9s de ellas puedo sentir con profundidad aquello que pinto o dibujo, ya sea por sus formas o por la vibraci\u00f3n de sus colores.<br \/>Mi propuesta es crear un universo singular con inmensa cantidad de im\u00e1genes y m\u00faltiples elementos que hablen entre s\u00ed, para que los observadores puedan dialogar con \u00e9l, representando una y mil ideas distintas seg\u00fan el espectador.<\/p>\t\t\t\t\t\t\t\t<\/div>\n\t\t\t\t<\/div>\n\t\t\t\t\t<\/div>\n\t\t<\/div>\n\t\t\t\t\t<\/div>\n\t\t<\/section>\n\t\t\t\t<section class=\"elementor-section elementor-top-section elementor-element elementor-element-9b575b3 elementor-section-boxed elementor-section-height-default elementor-section-height-default\" data-id=\"9b575b3\" data-element_type=\"section\" data-e-type=\"section\">\n\t\t\t\t\t\t<div class=\"elementor-container elementor-column-gap-default\">\n\t\t\t\t\t<div class=\"elementor-column elementor-col-100 elementor-top-column elementor-element elementor-element-c51e9b8\" data-id=\"c51e9b8\" data-element_type=\"column\" data-e-type=\"column\">\n\t\t\t<div class=\"elementor-widget-wrap elementor-element-populated\">\n\t\t\t\t\t\t<div class=\"elementor-element elementor-element-9c9a91b elementor-widget elementor-widget-image\" data-id=\"9c9a91b\" data-element_type=\"widget\" data-e-type=\"widget\" data-widget_type=\"image.default\">\n\t\t\t\t<div class=\"elementor-widget-container\">\n\t\t\t\t\t\t\t\t\t\t\t\t\t\t\t<img fetchpriority=\"high\" decoding=\"async\" width=\"2520\" height=\"797\" src=\"https:\/\/silviaostrovsky.com.ar\/wp-content\/uploads\/2018\/08\/back2.jpg\" class=\"attachment-full size-full wp-image-319\" alt=\"\" srcset=\"https:\/\/silviaostrovsky.com.ar\/wp-content\/uploads\/2018\/08\/back2.jpg 2520w, https:\/\/silviaostrovsky.com.ar\/wp-content\/uploads\/2018\/08\/back2-300x95.jpg 300w, https:\/\/silviaostrovsky.com.ar\/wp-content\/uploads\/2018\/08\/back2-768x243.jpg 768w, https:\/\/silviaostrovsky.com.ar\/wp-content\/uploads\/2018\/08\/back2-1024x324.jpg 1024w\" sizes=\"(max-width: 2520px) 100vw, 2520px\" \/>\t\t\t\t\t\t\t\t\t\t\t\t\t\t\t<\/div>\n\t\t\t\t<\/div>\n\t\t\t\t\t<\/div>\n\t\t<\/div>\n\t\t\t\t\t<\/div>\n\t\t<\/section>\n\t\t\t\t<section class=\"elementor-section elementor-top-section elementor-element elementor-element-bc7c4ac elementor-section-boxed elementor-section-height-default elementor-section-height-default\" data-id=\"bc7c4ac\" data-element_type=\"section\" data-e-type=\"section\">\n\t\t\t\t\t\t<div class=\"elementor-container elementor-column-gap-default\">\n\t\t\t\t\t<div class=\"elementor-column elementor-col-100 elementor-top-column elementor-element elementor-element-c843970\" data-id=\"c843970\" data-element_type=\"column\" data-e-type=\"column\">\n\t\t\t<div class=\"elementor-widget-wrap elementor-element-populated\">\n\t\t\t\t\t\t<div class=\"elementor-element elementor-element-8ec5cac elementor-widget elementor-widget-text-editor\" data-id=\"8ec5cac\" data-element_type=\"widget\" data-e-type=\"widget\" data-widget_type=\"text-editor.default\">\n\t\t\t\t<div class=\"elementor-widget-container\">\n\t\t\t\t\t\t\t\t\t<p>Concurr\u00ed a talleres de dibujo y pintura desde mi infancia y ya siendo adolescente eleg\u00ed talleres de libre expresi\u00f3n, mediante los cuales pude dar mis primeros pasos en el arte.<\/p><p>Asist\u00ed a los seminarios de Luis Felipe No\u00e9 y Ferm\u00edn Fevre. Concurr\u00ed a los talleres de Basia Kuperman y Eduardo Medici.<\/p><p><strong>Premios:<\/strong><\/p><p>7\u00ba Sal\u00f3n de Artes Pl\u00e1sticas Dr. M. Belgrano C.P.C.E.F. , 7\u00ba Sal\u00f3n Buenos Aires -Alianza Francesa- Asociaci\u00f3n Fortabat; Menci\u00f3n &#8211; Sal\u00f3n de invierno &#8211; Servicio Latinoamericano Informaci\u00f3n Cultural.<br \/>Particip\u00e9 en salones: &#8220;Gran premio Universidad de Mor\u00f3n&#8221;, &#8220;Avon con la mujer en el Arte&#8221;; VI Sal\u00f3n Nacional de pintura, &#8220;Primer sal\u00f3n de Tango&#8221; Municipalidad de Z\u00e1rate.<\/p><p><strong>Muestras individuales y colectivas:<\/strong><\/p><p>2007 &#8211; G.R.Z. Galer\u00eda Riva Zucchelli, 2005 &#8211; Galer\u00eda Espacio de Arte,<br \/>2003 &#8211; Galer\u00eda de Arte R.J.<br \/>2002 &#8211; Centro Cultural de la Cooperaci\u00f3n.<br \/>2000 &#8211; Centro Cultural Recoleta.<\/p>\t\t\t\t\t\t\t\t<\/div>\n\t\t\t\t<\/div>\n\t\t\t\t\t<\/div>\n\t\t<\/div>\n\t\t\t\t\t<\/div>\n\t\t<\/section>\n\t\t\t\t<\/div>\n\t\t","protected":false},"excerpt":{"rendered":"<p>Las horas que destino a pintar y dibujar son para m\u00ed, horas de fascinaci\u00f3n. Quedo inmersa en mi propio mundo, en el cual solo nos encontramos la tela blanca o el papel, y yo. Esa tela que me seduce y me invita a la creaci\u00f3n, al momento de pintar, o el papel en el cual<\/p>\n<p class=\"more-link-wrapper\"><a href=\"https:\/\/silviaostrovsky.com.ar\/index.php\/sobre-silvia\/\" class=\"more-link\">Continue Reading<span class=\"screen-reader-text\"> &#8220;Sobre Silvia&#8221;<\/span><\/a><\/p>\n","protected":false},"author":1,"featured_media":317,"parent":0,"menu_order":0,"comment_status":"closed","ping_status":"closed","template":"","meta":{"ngg_post_thumbnail":0,"footnotes":""},"class_list":["post-7","page","type-page","status-publish","has-post-thumbnail","hentry"],"_links":{"self":[{"href":"https:\/\/silviaostrovsky.com.ar\/index.php\/wp-json\/wp\/v2\/pages\/7","targetHints":{"allow":["GET"]}}],"collection":[{"href":"https:\/\/silviaostrovsky.com.ar\/index.php\/wp-json\/wp\/v2\/pages"}],"about":[{"href":"https:\/\/silviaostrovsky.com.ar\/index.php\/wp-json\/wp\/v2\/types\/page"}],"author":[{"embeddable":true,"href":"https:\/\/silviaostrovsky.com.ar\/index.php\/wp-json\/wp\/v2\/users\/1"}],"replies":[{"embeddable":true,"href":"https:\/\/silviaostrovsky.com.ar\/index.php\/wp-json\/wp\/v2\/comments?post=7"}],"version-history":[{"count":4,"href":"https:\/\/silviaostrovsky.com.ar\/index.php\/wp-json\/wp\/v2\/pages\/7\/revisions"}],"predecessor-version":[{"id":321,"href":"https:\/\/silviaostrovsky.com.ar\/index.php\/wp-json\/wp\/v2\/pages\/7\/revisions\/321"}],"wp:featuredmedia":[{"embeddable":true,"href":"https:\/\/silviaostrovsky.com.ar\/index.php\/wp-json\/wp\/v2\/media\/317"}],"wp:attachment":[{"href":"https:\/\/silviaostrovsky.com.ar\/index.php\/wp-json\/wp\/v2\/media?parent=7"}],"curies":[{"name":"wp","href":"https:\/\/api.w.org\/{rel}","templated":true}]}}